{"id":7,"date":"2024-12-27T15:18:56","date_gmt":"2024-12-27T18:18:56","guid":{"rendered":"https:\/\/padraovhml.tech.math.group\/?page_id=7"},"modified":"2025-08-11T16:08:01","modified_gmt":"2025-08-11T19:08:01","slug":"home","status":"publish","type":"page","link":"https:\/\/tamagninisrl.com\/es\/","title":{"rendered":"Home"},"content":{"rendered":"<div data-elementor-type=\"wp-page\" data-elementor-id=\"7\" class=\"elementor elementor-7\">\n\t\t\t\t<div class=\"elementor-element elementor-element-3d89a43 e-con-full content e-flex e-con e-parent\" data-id=\"3d89a43\" data-element_type=\"container\">\n\t\t\t\t<\/div>\n\t\t<div class=\"elementor-element elementor-element-51c3697 e-con-full content e-flex e-con e-parent\" data-id=\"51c3697\" data-element_type=\"container\">\n\t\t\t\t<div class=\"elementor-element elementor-element-fefe573 main-title with-separator elementor-widget elementor-widget-heading\" data-id=\"fefe573\" data-element_type=\"widget\" data-widget_type=\"heading.default\">\n\t\t\t\t<div class=\"elementor-widget-container\">\n\t\t\t\t\t<span class=\"elementor-heading-title elementor-size-default\">Soluciones por cultivos<\/span>\t\t\t\t<\/div>\n\t\t\t\t<\/div>\n\t\t\t\t<\/div>\n\t\t<div class=\"elementor-element elementor-element-9ad2dea e-grid e-con-full content e-con e-parent\" data-id=\"9ad2dea\" data-element_type=\"container\">\n\t\t<div class=\"elementor-element elementor-element-9790283 e-con-full e-flex elementor-invisible e-con e-child\" data-id=\"9790283\" data-element_type=\"container\" data-settings=\"{&quot;animation&quot;:&quot;bounceInUp&quot;}\">\n\t\t\t\t<div class=\"elementor-element elementor-element-29b94ad subtitle elementor-widget elementor-widget-heading\" data-id=\"29b94ad\" data-element_type=\"widget\" data-widget_type=\"heading.default\">\n\t\t\t\t<div class=\"elementor-widget-container\">\n\t\t\t\t\t<p class=\"elementor-heading-title elementor-size-default\">Fruticultura <\/p>\t\t\t\t<\/div>\n\t\t\t\t<\/div>\n\t\t\t\t<div class=\"elementor-element elementor-element-3e6f03b elementor-widget elementor-widget-button\" data-id=\"3e6f03b\" data-element_type=\"widget\" data-widget_type=\"button.default\">\n\t\t\t\t<div class=\"elementor-widget-container\">\n\t\t\t\t\t\t\t\t\t<div class=\"elementor-button-wrapper\">\n\t\t\t\t\t<a class=\"elementor-button elementor-button-link elementor-size-sm\" href=\"\/es\/fruticultura%20\/\">\n\t\t\t\t\t\t<span class=\"elementor-button-content-wrapper\">\n\t\t\t\t\t\t\t\t\t<span class=\"elementor-button-text\">SABER M\u00c1S<\/span>\n\t\t\t\t\t<\/span>\n\t\t\t\t\t<\/a>\n\t\t\t\t<\/div>\n\t\t\t\t\t\t\t\t<\/div>\n\t\t\t\t<\/div>\n\t\t\t\t<\/div>\n\t\t<div class=\"elementor-element elementor-element-265ef6a e-con-full e-flex elementor-invisible e-con e-child\" data-id=\"265ef6a\" data-element_type=\"container\" data-settings=\"{&quot;animation&quot;:&quot;bounceInUp&quot;}\">\n\t\t\t\t<div class=\"elementor-element elementor-element-c4f7e21 subtitle elementor-widget elementor-widget-heading\" data-id=\"c4f7e21\" data-element_type=\"widget\" data-widget_type=\"heading.default\">\n\t\t\t\t<div class=\"elementor-widget-container\">\n\t\t\t\t\t<p class=\"elementor-heading-title elementor-size-default\">Ca\u00f1a<\/p>\t\t\t\t<\/div>\n\t\t\t\t<\/div>\n\t\t\t\t<div class=\"elementor-element elementor-element-0a155dd elementor-widget elementor-widget-button\" data-id=\"0a155dd\" data-element_type=\"widget\" data-widget_type=\"button.default\">\n\t\t\t\t<div class=\"elementor-widget-container\">\n\t\t\t\t\t\t\t\t\t<div class=\"elementor-button-wrapper\">\n\t\t\t\t\t<a class=\"elementor-button elementor-button-link elementor-size-sm\" href=\"\/es\/cana\/\">\n\t\t\t\t\t\t<span class=\"elementor-button-content-wrapper\">\n\t\t\t\t\t\t\t\t\t<span class=\"elementor-button-text\">SABER M\u00c1S<\/span>\n\t\t\t\t\t<\/span>\n\t\t\t\t\t<\/a>\n\t\t\t\t<\/div>\n\t\t\t\t\t\t\t\t<\/div>\n\t\t\t\t<\/div>\n\t\t\t\t<\/div>\n\t\t<div class=\"elementor-element elementor-element-cbe153a e-con-full e-flex elementor-invisible e-con e-child\" data-id=\"cbe153a\" data-element_type=\"container\" data-settings=\"{&quot;animation&quot;:&quot;bounceInUp&quot;}\">\n\t\t\t\t<div class=\"elementor-element elementor-element-7c32329 subtitle elementor-widget elementor-widget-heading\" data-id=\"7c32329\" data-element_type=\"widget\" data-widget_type=\"heading.default\">\n\t\t\t\t<div class=\"elementor-widget-container\">\n\t\t\t\t\t<p class=\"elementor-heading-title elementor-size-default\">Citrus<\/p>\t\t\t\t<\/div>\n\t\t\t\t<\/div>\n\t\t\t\t<div class=\"elementor-element elementor-element-9affce5 elementor-widget elementor-widget-button\" data-id=\"9affce5\" data-element_type=\"widget\" data-widget_type=\"button.default\">\n\t\t\t\t<div class=\"elementor-widget-container\">\n\t\t\t\t\t\t\t\t\t<div class=\"elementor-button-wrapper\">\n\t\t\t\t\t<a class=\"elementor-button elementor-button-link elementor-size-sm\" href=\"\/es\/citrus\/\">\n\t\t\t\t\t\t<span class=\"elementor-button-content-wrapper\">\n\t\t\t\t\t\t\t\t\t<span class=\"elementor-button-text\">SABER M\u00c1S<\/span>\n\t\t\t\t\t<\/span>\n\t\t\t\t\t<\/a>\n\t\t\t\t<\/div>\n\t\t\t\t\t\t\t\t<\/div>\n\t\t\t\t<\/div>\n\t\t\t\t<\/div>\n\t\t<div class=\"elementor-element elementor-element-586e62c e-con-full e-flex elementor-invisible e-con e-child\" data-id=\"586e62c\" data-element_type=\"container\" data-settings=\"{&quot;animation&quot;:&quot;bounceInUp&quot;}\">\n\t\t\t\t<div class=\"elementor-element elementor-element-b52ed9c subtitle elementor-widget elementor-widget-heading\" data-id=\"b52ed9c\" data-element_type=\"widget\" data-widget_type=\"heading.default\">\n\t\t\t\t<div class=\"elementor-widget-container\">\n\t\t\t\t\t<p class=\"elementor-heading-title elementor-size-default\">Granos<\/p>\t\t\t\t<\/div>\n\t\t\t\t<\/div>\n\t\t\t\t<div class=\"elementor-element elementor-element-e3e5e61 elementor-widget elementor-widget-button\" data-id=\"e3e5e61\" data-element_type=\"widget\" data-widget_type=\"button.default\">\n\t\t\t\t<div class=\"elementor-widget-container\">\n\t\t\t\t\t\t\t\t\t<div class=\"elementor-button-wrapper\">\n\t\t\t\t\t<a class=\"elementor-button elementor-button-link elementor-size-sm\" href=\"\/es\/graos\/\">\n\t\t\t\t\t\t<span class=\"elementor-button-content-wrapper\">\n\t\t\t\t\t\t\t\t\t<span class=\"elementor-button-text\">SABER M\u00c1S<\/span>\n\t\t\t\t\t<\/span>\n\t\t\t\t\t<\/a>\n\t\t\t\t<\/div>\n\t\t\t\t\t\t\t\t<\/div>\n\t\t\t\t<\/div>\n\t\t\t\t<\/div>\n\t\t<div class=\"elementor-element elementor-element-45eae3c e-con-full e-flex elementor-invisible e-con e-child\" data-id=\"45eae3c\" data-element_type=\"container\" data-settings=\"{&quot;animation&quot;:&quot;bounceInUp&quot;}\">\n\t\t\t\t<div class=\"elementor-element elementor-element-1b54699 subtitle elementor-widget elementor-widget-heading\" data-id=\"1b54699\" data-element_type=\"widget\" data-widget_type=\"heading.default\">\n\t\t\t\t<div class=\"elementor-widget-container\">\n\t\t\t\t\t<p class=\"elementor-heading-title elementor-size-default\">Agricultura Familiar<\/p>\t\t\t\t<\/div>\n\t\t\t\t<\/div>\n\t\t\t\t<div class=\"elementor-element elementor-element-5cc61e0 elementor-widget elementor-widget-button\" data-id=\"5cc61e0\" data-element_type=\"widget\" data-widget_type=\"button.default\">\n\t\t\t\t<div class=\"elementor-widget-container\">\n\t\t\t\t\t\t\t\t\t<div class=\"elementor-button-wrapper\">\n\t\t\t\t\t<a class=\"elementor-button elementor-button-link elementor-size-sm\" href=\"\/es\/agricultura-familiar\/\">\n\t\t\t\t\t\t<span class=\"elementor-button-content-wrapper\">\n\t\t\t\t\t\t\t\t\t<span class=\"elementor-button-text\">SABER M\u00c1S<\/span>\n\t\t\t\t\t<\/span>\n\t\t\t\t\t<\/a>\n\t\t\t\t<\/div>\n\t\t\t\t\t\t\t\t<\/div>\n\t\t\t\t<\/div>\n\t\t\t\t<\/div>\n\t\t<div class=\"elementor-element elementor-element-fdd181e e-con-full e-flex elementor-invisible e-con e-child\" data-id=\"fdd181e\" data-element_type=\"container\" data-settings=\"{&quot;animation&quot;:&quot;bounceInUp&quot;}\">\n\t\t\t\t<div class=\"elementor-element elementor-element-b548843 subtitle elementor-widget elementor-widget-heading\" data-id=\"b548843\" data-element_type=\"widget\" data-widget_type=\"heading.default\">\n\t\t\t\t<div class=\"elementor-widget-container\">\n\t\t\t\t\t<p class=\"elementor-heading-title elementor-size-default\">Ganaderia<\/p>\t\t\t\t<\/div>\n\t\t\t\t<\/div>\n\t\t\t\t<div class=\"elementor-element elementor-element-c383171 elementor-widget elementor-widget-button\" data-id=\"c383171\" data-element_type=\"widget\" data-widget_type=\"button.default\">\n\t\t\t\t<div class=\"elementor-widget-container\">\n\t\t\t\t\t\t\t\t\t<div class=\"elementor-button-wrapper\">\n\t\t\t\t\t<a class=\"elementor-button elementor-button-link elementor-size-sm\" href=\"\/es\/pecuaria\/\">\n\t\t\t\t\t\t<span class=\"elementor-button-content-wrapper\">\n\t\t\t\t\t\t\t\t\t<span class=\"elementor-button-text\">SABER M\u00c1S<\/span>\n\t\t\t\t\t<\/span>\n\t\t\t\t\t<\/a>\n\t\t\t\t<\/div>\n\t\t\t\t\t\t\t\t<\/div>\n\t\t\t\t<\/div>\n\t\t\t\t<\/div>\n\t\t\t\t<\/div>\n\t\t<div class=\"elementor-element elementor-element-93b1a2f e-con-full content e-flex e-con e-parent\" data-id=\"93b1a2f\" data-element_type=\"container\">\n\t\t\t\t<div class=\"elementor-element elementor-element-f28bcab main-title with-separator elementor-widget elementor-widget-heading\" data-id=\"f28bcab\" data-element_type=\"widget\" data-widget_type=\"heading.default\">\n\t\t\t\t<div class=\"elementor-widget-container\">\n\t\t\t\t\t<span class=\"elementor-heading-title elementor-size-default\">SOLUCIONES VALTRA<\/span>\t\t\t\t<\/div>\n\t\t\t\t<\/div>\n\t\t\t\t<\/div>\n\t\t<div class=\"elementor-element elementor-element-ff72694 e-flex e-con-boxed e-con e-parent\" data-id=\"ff72694\" data-element_type=\"container\">\n\t\t\t\t\t<div class=\"e-con-inner\">\n\t\t<div class=\"elementor-element elementor-element-1708e8a e-con-full e-flex e-con e-child\" data-id=\"1708e8a\" data-element_type=\"container\">\n\t\t\t\t<div class=\"elementor-element elementor-element-8f2dd32 elementor-invisible elementor-widget elementor-widget-image\" data-id=\"8f2dd32\" data-element_type=\"widget\" data-settings=\"{&quot;_animation&quot;:&quot;slideInLeft&quot;}\" data-widget_type=\"image.default\">\n\t\t\t\t<div class=\"elementor-widget-container\">\n\t\t\t\t\t\t\t\t\t\t\t\t\t\t\t<img fetchpriority=\"high\" decoding=\"async\" width=\"600\" height=\"600\" src=\"http:\/\/tamagninisrl.com\/wp-content\/uploads\/sites\/9\/2025\/01\/IMG_4346-600x600.jpg\" class=\"attachment-gb-block-post-grid-square size-gb-block-post-grid-square wp-image-107\" alt=\"\" srcset=\"http:\/\/tamagninisrl.com\/wp-content\/uploads\/sites\/9\/2025\/01\/IMG_4346-600x600.jpg 600w, http:\/\/tamagninisrl.com\/wp-content\/uploads\/sites\/9\/2025\/01\/IMG_4346-150x150.jpg 150w, http:\/\/tamagninisrl.com\/wp-content\/uploads\/sites\/9\/2025\/01\/elementor\/thumbs\/IMG_4346-r0tx8vqu8dga3x785tihheo160znxpck0poxu667bc.jpg 500w\" sizes=\"(max-width: 600px) 100vw, 600px\" \/>\t\t\t\t\t\t\t\t\t\t\t\t\t\t\t<\/div>\n\t\t\t\t<\/div>\n\t\t\t\t<\/div>\n\t\t<div class=\"elementor-element elementor-element-a9960e8 e-con-full e-flex e-con e-child\" data-id=\"a9960e8\" data-element_type=\"container\">\n\t\t\t\t<div class=\"elementor-element elementor-element-e7f2a30 main-subtitle elementor-widget elementor-widget-heading\" data-id=\"e7f2a30\" data-element_type=\"widget\" data-widget_type=\"heading.default\">\n\t\t\t\t<div class=\"elementor-widget-container\">\n\t\t\t\t\t<span class=\"elementor-heading-title elementor-size-default\">POSVENTA VALTRA<br> <strong style=\"color:#ffc20e\">SU SOCIO DE TRABAJO\n <\/strong>\n<\/span>\t\t\t\t<\/div>\n\t\t\t\t<\/div>\n\t\t\t\t<div class=\"elementor-element elementor-element-04c3c4e elementor-widget elementor-widget-text-editor\" data-id=\"04c3c4e\" data-element_type=\"widget\" data-widget_type=\"text-editor.default\">\n\t\t\t\t<div class=\"elementor-widget-container\">\n\t\t\t\t\t\t\t\t\t<div class=\"liftblockcomp aem-GridColumn aem-GridColumn--default--12\"><div class=\"liftblock  liftblock--half liftblock--right\"><div class=\"liftblock__wrap\"><div class=\"liftblock__text\"><div class=\"liftblock__text-wrap\"><div class=\"liftblock__description\"><p>Nuestra prioridad es garantizar la m\u00e1xima tranquilidad para que usted solo se preocupe por el crecimiento de su negocio. Adem\u00e1s de m\u00e1quinas de trabajo de calidad, con el servicio postventa de Valtra tiene garant\u00eda para trabajar de forma segura. Al elegir repuestos genuinos AGCO Parts, est\u00e1 seguro de utilizar componentes probados y aprobados, con 1 a\u00f1o de garant\u00eda y m\u00e1xima confianza. Las revisiones preventivas lo ayudan a anticipar fallas, evitar tiempos muertos y mantener su equipo funcionando a la m\u00e1xima velocidad.<\/p><\/div><\/div><\/div><\/div><\/div><\/div>\t\t\t\t\t\t\t\t<\/div>\n\t\t\t\t<\/div>\n\t\t\t\t<div class=\"elementor-element elementor-element-007aec3 elementor-align-left elementor-widget elementor-widget-button\" data-id=\"007aec3\" data-element_type=\"widget\" data-widget_type=\"button.default\">\n\t\t\t\t<div class=\"elementor-widget-container\">\n\t\t\t\t\t\t\t\t\t<div class=\"elementor-button-wrapper\">\n\t\t\t\t\t<a class=\"elementor-button elementor-button-link elementor-size-sm\" href=\"\/es\/solucoes\/\">\n\t\t\t\t\t\t<span class=\"elementor-button-content-wrapper\">\n\t\t\t\t\t\t\t\t\t<span class=\"elementor-button-text\">Saber m\u00e1s<\/span>\n\t\t\t\t\t<\/span>\n\t\t\t\t\t<\/a>\n\t\t\t\t<\/div>\n\t\t\t\t\t\t\t\t<\/div>\n\t\t\t\t<\/div>\n\t\t\t\t<\/div>\n\t\t\t\t\t<\/div>\n\t\t\t\t<\/div>\n\t\t<div class=\"elementor-element elementor-element-72e980e e-flex e-con-boxed e-con e-parent\" data-id=\"72e980e\" data-element_type=\"container\">\n\t\t\t\t\t<div class=\"e-con-inner\">\n\t\t<div class=\"elementor-element elementor-element-1a869a6 e-con-full e-flex e-con e-child\" data-id=\"1a869a6\" data-element_type=\"container\">\n\t\t\t\t<div class=\"elementor-element elementor-element-a4e5924 main-subtitle elementor-widget elementor-widget-heading\" data-id=\"a4e5924\" data-element_type=\"widget\" data-widget_type=\"heading.default\">\n\t\t\t\t<div class=\"elementor-widget-container\">\n\t\t\t\t\t<span class=\"elementor-heading-title elementor-size-default\">AGRICULTURA INTELIGENTE<strong style=\"color:#ffc20e\"> VALTRA <\/strong><\/span>\t\t\t\t<\/div>\n\t\t\t\t<\/div>\n\t\t\t\t<div class=\"elementor-element elementor-element-35f1bb1 elementor-widget elementor-widget-text-editor\" data-id=\"35f1bb1\" data-element_type=\"widget\" data-widget_type=\"text-editor.default\">\n\t\t\t\t<div class=\"elementor-widget-container\">\n\t\t\t\t\t\t\t\t\t<p class=\"\" data-start=\"63\" data-end=\"255\">Contar con tecnolog\u00edas digitales para hacer que sus operaciones sean m\u00e1s precisas, rentables y eficientes est\u00e1 a su alcance con la Agricultura Inteligente.<\/p><p class=\"\" data-start=\"257\" data-end=\"425\">Nuestra soluci\u00f3n integral es capaz de impactar significativamente el aumento de la productividad, el ahorro de recursos, la reducci\u00f3n de costos, riesgos y desperdicios.<\/p>\t\t\t\t\t\t\t\t<\/div>\n\t\t\t\t<\/div>\n\t\t\t\t<div class=\"elementor-element elementor-element-a666dc6 elementor-align-left elementor-widget elementor-widget-button\" data-id=\"a666dc6\" data-element_type=\"widget\" data-widget_type=\"button.default\">\n\t\t\t\t<div class=\"elementor-widget-container\">\n\t\t\t\t\t\t\t\t\t<div class=\"elementor-button-wrapper\">\n\t\t\t\t\t<a class=\"elementor-button elementor-button-link elementor-size-sm\" href=\"\/es\/productos\/farm-solutions\/farm-solutions\/\">\n\t\t\t\t\t\t<span class=\"elementor-button-content-wrapper\">\n\t\t\t\t\t\t\t\t\t<span class=\"elementor-button-text\">Saber m\u00e1s<\/span>\n\t\t\t\t\t<\/span>\n\t\t\t\t\t<\/a>\n\t\t\t\t<\/div>\n\t\t\t\t\t\t\t\t<\/div>\n\t\t\t\t<\/div>\n\t\t\t\t<\/div>\n\t\t<div class=\"elementor-element elementor-element-9a77994 e-con-full e-flex e-con e-child\" data-id=\"9a77994\" data-element_type=\"container\">\n\t\t\t\t<div class=\"elementor-element elementor-element-54f5c29 elementor-invisible elementor-widget elementor-widget-image\" data-id=\"54f5c29\" data-element_type=\"widget\" data-settings=\"{&quot;_animation&quot;:&quot;slideInRight&quot;}\" data-widget_type=\"image.default\">\n\t\t\t\t<div class=\"elementor-widget-container\">\n\t\t\t\t\t\t\t\t\t\t\t\t\t\t\t<img decoding=\"async\" width=\"800\" height=\"503\" src=\"http:\/\/tamagninisrl.com\/wp-content\/uploads\/sites\/9\/2025\/02\/img-nao-pode-errar.jpg\" class=\"attachment-large size-large wp-image-278\" alt=\"\" srcset=\"http:\/\/tamagninisrl.com\/wp-content\/uploads\/sites\/9\/2025\/02\/img-nao-pode-errar.jpg 800w, http:\/\/tamagninisrl.com\/wp-content\/uploads\/sites\/9\/2025\/02\/img-nao-pode-errar-300x189.jpg 300w, http:\/\/tamagninisrl.com\/wp-content\/uploads\/sites\/9\/2025\/02\/img-nao-pode-errar-768x483.jpg 768w\" sizes=\"(max-width: 800px) 100vw, 800px\" \/>\t\t\t\t\t\t\t\t\t\t\t\t\t\t\t<\/div>\n\t\t\t\t<\/div>\n\t\t\t\t<\/div>\n\t\t\t\t\t<\/div>\n\t\t\t\t<\/div>\n\t\t<div class=\"elementor-element elementor-element-9f72c3a e-con-full content e-flex e-con e-parent\" data-id=\"9f72c3a\" data-element_type=\"container\">\n\t\t\t\t<div class=\"elementor-element elementor-element-2c3367a main-title with-separator elementor-widget elementor-widget-heading\" data-id=\"2c3367a\" data-element_type=\"widget\" data-widget_type=\"heading.default\">\n\t\t\t\t<div class=\"elementor-widget-container\">\n\t\t\t\t\t<span class=\"elementor-heading-title elementor-size-default\">\u00daltimas noticias<\/span>\t\t\t\t<\/div>\n\t\t\t\t<\/div>\n\t\t\t\t<\/div>\n\t\t<div class=\"elementor-element elementor-element-f401d99 e-flex e-con-boxed e-con e-parent\" data-id=\"f401d99\" data-element_type=\"container\">\n\t\t\t\t\t<div class=\"e-con-inner\">\n\t\t\t\t<div class=\"elementor-element elementor-element-2ca100e elementor-widget__width-initial elementor-invisible elementor-widget elementor-widget-elementskit-blog-posts\" data-id=\"2ca100e\" data-element_type=\"widget\" data-settings=\"{&quot;_animation&quot;:&quot;bounceInLeft&quot;}\" data-widget_type=\"elementskit-blog-posts.default\">\n\t\t\t\t<div class=\"elementor-widget-container\">\n\t\t\t\t\t<div class=\"ekit-wid-con\" >        <div id=\"post-items--2ca100e\" class=\"row post-items\">\n                    <div class=\"col-md-12\">\n\n                                    <div class=\"elementskit-blog-block-post\">\n                        <div class=\"row no-gutters\">\n                                                            <div class=\"col-md-6 order-1\">\n                                    <a href=\"https:\/\/tamagninisrl.com\/es\/caminos-y-sabores\/\" class=\"elementskit-entry-thumb\">\n                                        <img decoding=\"async\" src=\"https:\/\/tamagninisrl.com\/wp-content\/uploads\/sites\/9\/caminhosysabores-img3-600x400.jpg\" alt=\"Caminos y sabores\">\n                                    <\/a><!-- .elementskit-entry-thumb END -->\n                                <\/div>\n                            \n                            <div class=\"col-md-6 order-2\">\n                                <div class=\"elementskit-post-body\">\n                                    <div class=\"elementskit-entry-header\">\n                                        \t\t\t\t\t\t\t\t\t\t\t\t\t\t\t<h2 class=\"entry-title\">\n\t\t\t\t\t<a href=\"https:\/\/tamagninisrl.com\/es\/caminos-y-sabores\/\">\n\t\t\t\t\t\tCaminos y sabores\t\t\t\t\t<\/a>\n\t\t\t\t<\/h2>\n\t\t\t                                        \n                                                                                            \t\t\t\t\t\t\t\t\t\t\t<div class=\"post-meta-list\">\n\t\t\t\t\t\t\t\t\t\t\t\t\t\t\t\t\t\t\t\t\t\t\t\t\t\t\t\t\t\t\t\t<span class=\"meta-date\">\n\t\t\t\t\t\t\t\t\t\t<i aria-hidden=\"true\" class=\"icon icon-calendar3\"><\/i>\t\t\t\t\t\t\t\t\t\t<span class=\"meta-date-text\">\n\t\t\t\t\t\t\t\t\t\t\t6 de julio de 2024\t\t\t\t\t\t\t\t\t\t<\/span>\n\t\t\t\t\t\t\t\t\t<\/span>\n\t\t\t\t\t\t\t\t\t\t\t\t\t\t\t\t\t\t\t\t\t\t\t\t\t\t\t\t\t\t\t\t\t\t\t\t\t<\/div>\n\t\t\t\t\t                                            \n                                            \n                                                                                <\/div><!-- .elementskit-entry-header END -->\n\n                                                                            <div class=\"elementskit-post-footer\">\n                                                                                            <p>VALTRA SE SUMA A LA 18va EDICI\u00d3N EN CAMINOS Y SABORES VALTRA SE SUMA A LA 18va EDICI\u00d3N&hellip;<\/p>\n                                                                                                                                <\/div><!-- .elementskit-post-footer END -->\n                                                                    <\/div><!-- .elementskit-post-body END -->\n                            <\/div>\n                        <\/div>\n                    <\/div><!-- .elementskit-blog-block-post .radius .gradient-bg END -->\n                \n            <\/div>\n                    <div class=\"col-md-12\">\n\n                                    <div class=\"elementskit-blog-block-post\">\n                        <div class=\"row no-gutters\">\n                                                            <div class=\"col-md-6 order-1\">\n                                    <a href=\"https:\/\/tamagninisrl.com\/es\/agroactiva-2024\/\" class=\"elementskit-entry-thumb\">\n                                        <img decoding=\"async\" src=\"https:\/\/tamagninisrl.com\/wp-content\/uploads\/sites\/9\/valtraagroactiva-img6-600x400.jpg\" alt=\"Agroactiva 2024\">\n                                    <\/a><!-- .elementskit-entry-thumb END -->\n                                <\/div>\n                            \n                            <div class=\"col-md-6 order-2\">\n                                <div class=\"elementskit-post-body\">\n                                    <div class=\"elementskit-entry-header\">\n                                        \t\t\t\t\t\t\t\t\t\t\t\t\t\t\t<h2 class=\"entry-title\">\n\t\t\t\t\t<a href=\"https:\/\/tamagninisrl.com\/es\/agroactiva-2024\/\">\n\t\t\t\t\t\tAgroactiva 2024\t\t\t\t\t<\/a>\n\t\t\t\t<\/h2>\n\t\t\t                                        \n                                                                                            \t\t\t\t\t\t\t\t\t\t\t<div class=\"post-meta-list\">\n\t\t\t\t\t\t\t\t\t\t\t\t\t\t\t\t\t\t\t\t\t\t\t\t\t\t\t\t\t\t\t\t<span class=\"meta-date\">\n\t\t\t\t\t\t\t\t\t\t<i aria-hidden=\"true\" class=\"icon icon-calendar3\"><\/i>\t\t\t\t\t\t\t\t\t\t<span class=\"meta-date-text\">\n\t\t\t\t\t\t\t\t\t\t\t5 de junio de 2024\t\t\t\t\t\t\t\t\t\t<\/span>\n\t\t\t\t\t\t\t\t\t<\/span>\n\t\t\t\t\t\t\t\t\t\t\t\t\t\t\t\t\t\t\t\t\t\t\t\t\t\t\t\t\t\t\t\t\t\t\t\t\t<\/div>\n\t\t\t\t\t                                            \n                                            \n                                                                                <\/div><!-- .elementskit-entry-header END -->\n\n                                                                            <div class=\"elementskit-post-footer\">\n                                                                                            <p>VALTRA ESTAR\u00c1 PRESENTE EN AGROACTIVA 2024 JUNTO A SU AMPLIO PORTFOLIO DE SOLUCIONES TECNOL\u00d3GICAS VALTRA ESTAR\u00c1 PRESENTE EN&hellip;<\/p>\n                                                                                                                                <\/div><!-- .elementskit-post-footer END -->\n                                                                    <\/div><!-- .elementskit-post-body END -->\n                            <\/div>\n                        <\/div>\n                    <\/div><!-- .elementskit-blog-block-post .radius .gradient-bg END -->\n                \n            <\/div>\n                <\/div>\n       <\/div>\t\t\t\t<\/div>\n\t\t\t\t<\/div>\n\t\t\t\t\t<\/div>\n\t\t\t\t<\/div>\n\t\t<div class=\"elementor-element elementor-element-eacc1f2 e-con-full content e-flex e-con e-parent\" data-id=\"eacc1f2\" data-element_type=\"container\">\n\t\t\t\t<div class=\"elementor-element elementor-element-508c039 main-title with-separator elementor-widget elementor-widget-heading\" data-id=\"508c039\" data-element_type=\"widget\" data-widget_type=\"heading.default\">\n\t\t\t\t<div class=\"elementor-widget-container\">\n\t\t\t\t\t<span class=\"elementor-heading-title elementor-size-default\">SEGUINOS EN LAS REDES SOCIALES<\/span>\t\t\t\t<\/div>\n\t\t\t\t<\/div>\n\t\t\t\t<\/div>\n\t\t<div class=\"elementor-element elementor-element-3bf5db6 e-flex e-con-boxed e-con e-parent\" data-id=\"3bf5db6\" data-element_type=\"container\">\n\t\t\t\t\t<div class=\"e-con-inner\">\n\t\t\t\t<div class=\"elementor-element elementor-element-5123678 elementor-widget elementor-widget-shortcode\" data-id=\"5123678\" data-element_type=\"widget\" data-widget_type=\"shortcode.default\">\n\t\t\t\t<div class=\"elementor-widget-container\">\n\t\t\t\t\t\t\t<div class=\"elementor-shortcode\">    <div class=\"social-links\">\r\n                                    <a href=\"https:\/\/www.facebook.com\/TamagniniSRLValtra\" target=\"_blank\">\r\n                                        <img decoding=\"async\" src=\"https:\/\/tamagninisrl.com\/wp-content\/uploads\/sites\/9\/2025\/02\/facebook.png\" alt=\"\u00cdcone Rede Social\">\r\n                <\/a>\r\n                                                <a href=\"https:\/\/www.instagram.com\/tamagnini.valtra\/\" target=\"_blank\">\r\n                                        <img decoding=\"async\" src=\"https:\/\/tamagninisrl.com\/wp-content\/uploads\/sites\/9\/2025\/02\/social.png\" alt=\"\u00cdcone Rede Social\">\r\n                <\/a>\r\n                                                                                                        <\/div>\r\n      \n<\/div>\n\t\t\t\t\t\t<\/div>\n\t\t\t\t<\/div>\n\t\t\t\t\t<\/div>\n\t\t\t\t<\/div>\n\t\t\t\t<\/div>","protected":false},"excerpt":{"rendered":"<p>Soluciones por cultivos Fruticultura SAIBA MAIS Ca\u00f1a SAIBA MAIS Citrus SAIBA MAIS Granos SAIBA MAIS Agricultura Familiar SAIBA MAIS Ganaderia SAIBA MAIS SOLUCIONES VALTRA POSVENTA VALTRA SU SOCIO DE TRABAJO Nuestra prioridad es garantizar la m\u00e1xima tranquilidad para que usted solo se preocupe por el crecimiento de su negocio. Adem\u00e1s de m\u00e1quinas de trabajo de [&hellip;]<\/p>\n","protected":false},"author":2,"featured_media":0,"parent":0,"menu_order":0,"comment_status":"closed","ping_status":"closed","template":"","meta":{"_acf_changed":false,"footnotes":""},"class_list":["post-7","page","type-page","status-publish","hentry"],"acf":[],"featured_image_src":null,"featured_image_src_square":null,"_links":{"self":[{"href":"https:\/\/tamagninisrl.com\/es\/wp-json\/wp\/v2\/pages\/7","targetHints":{"allow":["GET"]}}],"collection":[{"href":"https:\/\/tamagninisrl.com\/es\/wp-json\/wp\/v2\/pages"}],"about":[{"href":"https:\/\/tamagninisrl.com\/es\/wp-json\/wp\/v2\/types\/page"}],"author":[{"embeddable":true,"href":"https:\/\/tamagninisrl.com\/es\/wp-json\/wp\/v2\/users\/2"}],"replies":[{"embeddable":true,"href":"https:\/\/tamagninisrl.com\/es\/wp-json\/wp\/v2\/comments?post=7"}],"version-history":[{"count":0,"href":"https:\/\/tamagninisrl.com\/es\/wp-json\/wp\/v2\/pages\/7\/revisions"}],"wp:attachment":[{"href":"https:\/\/tamagninisrl.com\/es\/wp-json\/wp\/v2\/media?parent=7"}],"curies":[{"name":"wp","href":"https:\/\/api.w.org\/{rel}","templated":true}]}}